{"id":69,"date":"2025-07-24T08:04:14","date_gmt":"2025-07-24T07:04:14","guid":{"rendered":"http:\/\/localhost\/enmemoria\/?page_id=69"},"modified":"2026-03-30T05:13:38","modified_gmt":"2026-03-30T04:13:38","slug":"seleccione-municipio","status":"publish","type":"page","link":"https:\/\/funecon.es\/es\/select-municipality\/","title":{"rendered":"Seleccionar municipio"},"content":{"rendered":"<div data-elementor-type=\"wp-post\" data-elementor-id=\"69\" class=\"elementor elementor-69\" data-elementor-post-type=\"page\">\n\t\t\t\t<div class=\"elementor-element elementor-element-8a6eb20 e-flex e-con-boxed e-con e-parent\" data-id=\"8a6eb20\" data-element_type=\"container\" data-e-type=\"container\">\n\t\t\t\t\t<div class=\"e-con-inner\">\n\t\t\t\t<div class=\"elementor-element elementor-element-ac697e3 elementor-widget elementor-widget-heading\" data-id=\"ac697e3\" data-element_type=\"widget\" data-e-type=\"widget\" data-widget_type=\"heading.default\">\n\t\t\t\t\t<h2 class=\"elementor-heading-title elementor-size-default\">Obtenga su presupuesto funerario en 3 sencillos pasos<\/h2>\t\t\t\t<\/div>\n\t\t<div class=\"elementor-element elementor-element-42c18ac e-grid e-con-boxed e-con e-child\" data-id=\"42c18ac\" data-element_type=\"container\" data-e-type=\"container\">\n\t\t\t\t\t<div class=\"e-con-inner\">\n\t\t\t\t<div class=\"elementor-element elementor-element-e58852d step-box elementor-view-default elementor-widget elementor-widget-icon\" data-id=\"e58852d\" data-element_type=\"widget\" data-e-type=\"widget\" data-widget_type=\"icon.default\">\n\t\t\t\t\t\t\t<div class=\"elementor-icon-wrapper\">\n\t\t\t<div class=\"elementor-icon\">\n\t\t\t<svg xmlns=\"http:\/\/www.w3.org\/2000\/svg\" width=\"800px\" height=\"800px\" viewbox=\"0 0 24 24\" fill=\"none\"><path d=\"M12 21C15.5 17.4 19 14.1764 19 10.2C19 6.22355 15.866 3 12 3C8.13401 3 5 6.22355 5 10.2C5 14.1764 8.5 17.4 12 21Z\" stroke=\"#000000\" stroke-width=\"2\" stroke-linecap=\"round\" stroke-linejoin=\"round\"><\/path><path d=\"M12 12C13.1046 12 14 11.1046 14 10C14 8.89543 13.1046 8 12 8C10.8954 8 10 8.89543 10 10C10 11.1046 10.8954 12 12 12Z\" stroke=\"#000000\" stroke-width=\"2\" stroke-linecap=\"round\" stroke-linejoin=\"round\"><\/path><\/svg>\t\t\t<\/div>\n\t\t<\/div>\n\t\t\t\t\t\t<\/div>\n\t\t\t\t<div class=\"elementor-element elementor-element-9c9fd8c step-box elementor-view-default elementor-widget elementor-widget-icon\" data-id=\"9c9fd8c\" data-element_type=\"widget\" data-e-type=\"widget\" data-widget_type=\"icon.default\">\n\t\t\t\t\t\t\t<div class=\"elementor-icon-wrapper\">\n\t\t\t<div class=\"elementor-icon\">\n\t\t\t<svg xmlns=\"http:\/\/www.w3.org\/2000\/svg\" xmlns:xlink=\"http:\/\/www.w3.org\/1999\/xlink\" fill=\"#000000\" id=\"Capa_1\" width=\"800px\" height=\"800px\" viewbox=\"0 0 41.205 41.204\" xml:space=\"preserve\"><g>\t<path d=\"M33.349,2.974H28.24c-0.517-0.722-1.349-1.194-2.296-1.218C25.548,0.73,24.552,0,23.385,0h-5.568   c-1.167,0-2.16,0.729-2.559,1.756c-0.947,0.022-1.779,0.496-2.292,1.218H7.853c-0.925,0-1.678,0.752-1.678,1.678v34.874   c0,0.927,0.753,1.679,1.678,1.679h25.496c0.927,0,1.68-0.752,1.68-1.679V4.652C35.029,3.726,34.276,2.974,33.349,2.974z    M31.669,37.846H9.534V6.331h3.434c0.525,0.738,1.385,1.222,2.361,1.222h10.547c0.977,0,1.838-0.482,2.361-1.222h3.436v31.517   h-0.004V37.846z M28.115,16.075c0.562-0.158,1.193-0.022,1.641,0.422c0.654,0.653,0.654,1.717,0,2.373l-7,6.998   c-0.327,0.327-0.756,0.491-1.188,0.491c-0.43,0-0.857-0.164-1.188-0.491l-4.312-4.312c-0.655-0.656-0.655-1.721,0-2.375   c0.654-0.655,1.718-0.655,2.374,0l3.124,3.125l4.716-4.713v-0.88H14.79v10.828h11.493v-3.98l1.832-1.832v6.729   c0,0.504-0.41,0.914-0.916,0.914H13.873c-0.506,0-0.914-0.41-0.914-0.914v-12.66c0-0.504,0.408-0.913,0.914-0.913h13.324   c0.506,0,0.916,0.409,0.916,0.913v0.277H28.115z\"><\/path><\/g><\/svg>\t\t\t<\/div>\n\t\t<\/div>\n\t\t\t\t\t\t<\/div>\n\t\t\t\t<div class=\"elementor-element elementor-element-7be1bdf elementor-view-default elementor-widget elementor-widget-icon\" data-id=\"7be1bdf\" data-element_type=\"widget\" data-e-type=\"widget\" data-widget_type=\"icon.default\">\n\t\t\t\t\t\t\t<div class=\"elementor-icon-wrapper\">\n\t\t\t<div class=\"elementor-icon\">\n\t\t\t<svg xmlns=\"http:\/\/www.w3.org\/2000\/svg\" width=\"800px\" height=\"800px\" viewbox=\"0 0 24 24\" fill=\"none\"><path d=\"M6.29977 5H21L19 12H7.37671M20 16H8L6 3H3M9 20C9 20.5523 8.55228 21 8 21C7.44772 21 7 20.5523 7 20C7 19.4477 7.44772 19 8 19C8.55228 19 9 19.4477 9 20ZM20 20C20 20.5523 19.5523 21 19 21C18.4477 21 18 20.5523 18 20C18 19.4477 18.4477 19 19 19C19.5523 19 20 19.4477 20 20Z\" stroke=\"#000000\" stroke-width=\"2\" stroke-linecap=\"round\" stroke-linejoin=\"round\"><\/path><\/svg>\t\t\t<\/div>\n\t\t<\/div>\n\t\t\t\t\t\t<\/div>\n\t\t\t\t<div class=\"elementor-element elementor-element-ff7a6b4 elementor-widget elementor-widget-text-editor\" data-id=\"ff7a6b4\" data-element_type=\"widget\" data-e-type=\"widget\" data-widget_type=\"text-editor.default\">\n\t\t\t\t\t\t\t\t\t<p>\u00bfD\u00f3nde nos necesita?<\/p>\t\t\t\t\t\t\t\t<\/div>\n\t\t\t\t<div class=\"elementor-element elementor-element-33e27ec elementor-widget elementor-widget-text-editor\" data-id=\"33e27ec\" data-element_type=\"widget\" data-e-type=\"widget\" data-widget_type=\"text-editor.default\">\n\t\t\t\t\t\t\t\t\t<p>Seleccione s\u00f3lo los servicios que necesita<\/p>\t\t\t\t\t\t\t\t<\/div>\n\t\t\t\t<div class=\"elementor-element elementor-element-24760b0 elementor-widget elementor-widget-text-editor\" data-id=\"24760b0\" data-element_type=\"widget\" data-e-type=\"widget\" data-widget_type=\"text-editor.default\">\n\t\t\t\t\t\t\t\t\t<p>Presupuesto\/comprobaci\u00f3n: \u00a1es flexible y se adapta a sus necesidades!<\/p>\t\t\t\t\t\t\t\t<\/div>\n\t\t\t\t\t<\/div>\n\t\t\t\t<\/div>\n\t\t\t\t<div class=\"elementor-element elementor-element-7e4de0b elementor-widget elementor-widget-text-editor\" data-id=\"7e4de0b\" data-element_type=\"widget\" data-e-type=\"widget\" data-widget_type=\"text-editor.default\">\n\t\t\t\t\t\t\t\t\t<p>Primero d\u00edganos d\u00f3nde nos necesita<\/p>\t\t\t\t\t\t\t\t<\/div>\n\t\t<div class=\"elementor-element elementor-element-b680db8 e-con-full e-flex e-con e-child\" data-id=\"b680db8\" data-element_type=\"container\" data-e-type=\"container\">\n\t\t\t\t<div class=\"elementor-element elementor-element-58d93b9 elementor-widget elementor-widget-html\" data-id=\"58d93b9\" data-element_type=\"widget\" data-e-type=\"widget\" data-widget_type=\"html.default\">\n\t\t\t\t\t<div class=\"municipio-search-wrap\">\r\n  <input\r\n    id=\"municipioInput\"\r\n    class=\"fune-input\"\r\n    type=\"text\"\r\n    placeholder=\"Ingrese su municipio\/ciudad aqu\u00ed\"\r\n  \/>\r\n  <ul id=\"suggestionsList\" class=\"fune-suggestions\"><\/ul>\r\n<\/div>\r\n\r\n<script>\r\n  let municipiosData = [];\r\n\r\n  fetch('https:\/\/funecon.es\/wp-content\/uploads\/2025\/07\/municipios.json')\r\n    .then(response => response.json())\r\n    .then(data => {\r\n      municipiosData = data;\r\n    })\r\n    .catch(err => console.error(\"Error loading JSON:\", err));\r\n\r\n  const input = document.getElementById(\"municipioInput\");\r\n  const suggestions = document.getElementById(\"suggestionsList\");\r\n\r\n  input.addEventListener(\"input\", function () {\r\n    const query = this.value.toLowerCase();\r\n    if (query.length < 3) {\r\n      suggestions.style.display = \"none\";\r\n      return;\r\n    }\r\n\r\n    const matches = municipiosData.filter((item) =>\r\n      item.municipio.toLowerCase().includes(query)\r\n    );\r\n\r\n    suggestions.innerHTML = \"\";\r\n\r\n    if (matches.length === 0) {\r\n      suggestions.style.display = \"none\";\r\n      return;\r\n    }\r\n\r\n    matches.forEach((item) => {\r\n      const li = document.createElement(\"li\");\r\n      li.textContent = `${item.municipio} (${item.provincia})`;\r\n      li.className = \"fune-suggestion-item\";\r\n      li.addEventListener(\"click\", () => {\r\n        input.value = item.municipio;\r\n        suggestions.style.display = \"none\";\r\n        proceedWithSearch(item.municipio, item.bracket);\r\n      });\r\n      suggestions.appendChild(li);\r\n    });\r\n\r\n    suggestions.style.display = \"block\";\r\n  });\r\n\r\n  input.addEventListener(\"keydown\", function (e) {\r\n    if (e.key === \"Enter\") {\r\n      e.preventDefault();\r\n      const match = municipiosData.find(\r\n        item => item.municipio.toLowerCase() === this.value.toLowerCase()\r\n      );\r\n      if (match) {\r\n        proceedWithSearch(match.municipio, match.bracket);\r\n      } else {\r\n        alert(\"Municipio no encontrado.\");\r\n      }\r\n    }\r\n  });\r\n<\/script>\t\t\t\t<\/div>\n\t\t\t\t<\/div>\n\t\t\t\t\t<\/div>\n\t\t\t\t<\/div>\n\t\t\t\t<\/div>","protected":false},"excerpt":{"rendered":"<p>Get your funeral quote in 3 easy steps Where do you need us? Select only the services you need! Quote\/Check out &#8211; its flexible to suit you! First tell us where you need us<\/p>","protected":false},"author":1,"featured_media":0,"parent":0,"menu_order":0,"comment_status":"closed","ping_status":"closed","template":"elementor_header_footer","meta":{"_acf_changed":false,"footnotes":""},"class_list":["post-69","page","type-page","status-publish","hentry"],"blocksy_meta":[],"acf":[],"yoast_head":"<!-- This site is optimized with the Yoast SEO plugin v27.5 - https:\/\/yoast.com\/product\/yoast-seo-wordpress\/ -->\n<title>Select Municipality - Funecon<\/title>\n<meta name=\"description\" content=\"Get a guaranteed funeral price in 3 simple steps. Select your municipality to view cremation, burial or repatriation costs with no hidden fees.\" \/>\n<meta name=\"robots\" content=\"index, follow, max-snippet:-1, max-image-preview:large, max-video-preview:-1\" \/>\n<link rel=\"canonical\" href=\"https:\/\/funecon.es\/es\/seleccione-municipio\/\" \/>\n<meta property=\"og:locale\" content=\"es_ES\" \/>\n<meta property=\"og:type\" content=\"article\" \/>\n<meta property=\"og:title\" content=\"Select Municipality - Funecon\" \/>\n<meta property=\"og:description\" content=\"Get a guaranteed funeral price in 3 simple steps. Select your municipality to view cremation, burial or repatriation costs with no hidden fees.\" \/>\n<meta property=\"og:url\" content=\"https:\/\/funecon.es\/es\/seleccione-municipio\/\" \/>\n<meta property=\"og:site_name\" content=\"Funecon\" \/>\n<meta property=\"article:publisher\" content=\"https:\/\/www.facebook.com\/profile.php?id=61582008467911\" \/>\n<meta property=\"article:modified_time\" content=\"2026-03-30T04:13:38+00:00\" \/>\n<meta name=\"twitter:card\" content=\"summary_large_image\" \/>\n<meta name=\"twitter:label1\" content=\"Tiempo de lectura\" \/>\n\t<meta name=\"twitter:data1\" content=\"1 minuto\" \/>\n<script type=\"application\/ld+json\" class=\"yoast-schema-graph\">{\"@context\":\"https:\\\/\\\/schema.org\",\"@graph\":[{\"@type\":\"WebPage\",\"@id\":\"https:\\\/\\\/funecon.es\\\/es\\\/select-municipality\\\/\",\"url\":\"https:\\\/\\\/funecon.es\\\/es\\\/select-municipality\\\/\",\"name\":\"Select Municipality - Funecon\",\"isPartOf\":{\"@id\":\"https:\\\/\\\/funecon.es\\\/es\\\/#website\"},\"datePublished\":\"2025-07-24T07:04:14+00:00\",\"dateModified\":\"2026-03-30T04:13:38+00:00\",\"description\":\"Get a guaranteed funeral price in 3 simple steps. Select your municipality to view cremation, burial or repatriation costs with no hidden fees.\",\"breadcrumb\":{\"@id\":\"https:\\\/\\\/funecon.es\\\/es\\\/select-municipality\\\/#breadcrumb\"},\"inLanguage\":\"es\",\"potentialAction\":[{\"@type\":\"ReadAction\",\"target\":[\"https:\\\/\\\/funecon.es\\\/es\\\/select-municipality\\\/\"]}]},{\"@type\":\"BreadcrumbList\",\"@id\":\"https:\\\/\\\/funecon.es\\\/es\\\/select-municipality\\\/#breadcrumb\",\"itemListElement\":[{\"@type\":\"ListItem\",\"position\":1,\"name\":\"Home\",\"item\":\"https:\\\/\\\/funecon.es\\\/es\\\/\"},{\"@type\":\"ListItem\",\"position\":2,\"name\":\"Select Municipality\"}]},{\"@type\":\"WebSite\",\"@id\":\"https:\\\/\\\/funecon.es\\\/es\\\/#website\",\"url\":\"https:\\\/\\\/funecon.es\\\/es\\\/\",\"name\":\"Funecon.es\",\"description\":\"Clear, compassionate funeral support for expats in Spain.\",\"publisher\":{\"@id\":\"https:\\\/\\\/funecon.es\\\/es\\\/#organization\"},\"potentialAction\":[{\"@type\":\"SearchAction\",\"target\":{\"@type\":\"EntryPoint\",\"urlTemplate\":\"https:\\\/\\\/funecon.es\\\/es\\\/?s={search_term_string}\"},\"query-input\":{\"@type\":\"PropertyValueSpecification\",\"valueRequired\":true,\"valueName\":\"search_term_string\"}}],\"inLanguage\":\"es\"},{\"@type\":\"Organization\",\"@id\":\"https:\\\/\\\/funecon.es\\\/es\\\/#organization\",\"name\":\"Funecon.es\",\"url\":\"https:\\\/\\\/funecon.es\\\/es\\\/\",\"logo\":{\"@type\":\"ImageObject\",\"inLanguage\":\"es\",\"@id\":\"https:\\\/\\\/funecon.es\\\/es\\\/#\\\/schema\\\/logo\\\/image\\\/\",\"url\":\"https:\\\/\\\/funecon.es\\\/wp-content\\\/uploads\\\/2026\\\/01\\\/FUNECON_A.svg\",\"contentUrl\":\"https:\\\/\\\/funecon.es\\\/wp-content\\\/uploads\\\/2026\\\/01\\\/FUNECON_A.svg\",\"width\":1020,\"height\":454,\"caption\":\"Funecon.es\"},\"image\":{\"@id\":\"https:\\\/\\\/funecon.es\\\/es\\\/#\\\/schema\\\/logo\\\/image\\\/\"},\"sameAs\":[\"https:\\\/\\\/www.facebook.com\\\/profile.php?id=61582008467911\",\"https:\\\/\\\/www.linkedin.com\\\/company\\\/funecon-es\\\/?viewAsMember=true\",\"https:\\\/\\\/www.instagram.com\\\/funecon.es\\\/\"]}]}<\/script>\n<!-- \/ Yoast SEO plugin. -->","yoast_head_json":{"title":"Seleccionar municipio - Funecon","description":"Obtenga un precio funerario garantizado en 3 sencillos pasos. Seleccione su municipio para ver los costes de cremaci\u00f3n, inhumaci\u00f3n o repatriaci\u00f3n sin cargos ocultos.","robots":{"index":"index","follow":"follow","max-snippet":"max-snippet:-1","max-image-preview":"max-image-preview:large","max-video-preview":"max-video-preview:-1"},"canonical":"https:\/\/funecon.es\/es\/seleccione-municipio\/","og_locale":"es_ES","og_type":"article","og_title":"Select Municipality - Funecon","og_description":"Get a guaranteed funeral price in 3 simple steps. Select your municipality to view cremation, burial or repatriation costs with no hidden fees.","og_url":"https:\/\/funecon.es\/es\/seleccione-municipio\/","og_site_name":"Funecon","article_publisher":"https:\/\/www.facebook.com\/profile.php?id=61582008467911","article_modified_time":"2026-03-30T04:13:38+00:00","twitter_card":"summary_large_image","twitter_misc":{"Tiempo de lectura":"1 minuto"},"schema":{"@context":"https:\/\/schema.org","@graph":[{"@type":"WebPage","@id":"https:\/\/funecon.es\/es\/select-municipality\/","url":"https:\/\/funecon.es\/es\/select-municipality\/","name":"Seleccionar municipio - Funecon","isPartOf":{"@id":"https:\/\/funecon.es\/es\/#website"},"datePublished":"2025-07-24T07:04:14+00:00","dateModified":"2026-03-30T04:13:38+00:00","description":"Obtenga un precio funerario garantizado en 3 sencillos pasos. Seleccione su municipio para ver los costes de cremaci\u00f3n, inhumaci\u00f3n o repatriaci\u00f3n sin cargos ocultos.","breadcrumb":{"@id":"https:\/\/funecon.es\/es\/select-municipality\/#breadcrumb"},"inLanguage":"es","potentialAction":[{"@type":"ReadAction","target":["https:\/\/funecon.es\/es\/select-municipality\/"]}]},{"@type":"BreadcrumbList","@id":"https:\/\/funecon.es\/es\/select-municipality\/#breadcrumb","itemListElement":[{"@type":"ListItem","position":1,"name":"Home","item":"https:\/\/funecon.es\/es\/"},{"@type":"ListItem","position":2,"name":"Select Municipality"}]},{"@type":"WebSite","@id":"https:\/\/funecon.es\/es\/#website","url":"https:\/\/funecon.es\/es\/","name":"Funecon.es","description":"Apoyo funerario claro y compasivo para expatriados en Espa\u00f1a.","publisher":{"@id":"https:\/\/funecon.es\/es\/#organization"},"potentialAction":[{"@type":"SearchAction","target":{"@type":"EntryPoint","urlTemplate":"https:\/\/funecon.es\/es\/?s={search_term_string}"},"query-input":{"@type":"PropertyValueSpecification","valueRequired":true,"valueName":"search_term_string"}}],"inLanguage":"es"},{"@type":"Organization","@id":"https:\/\/funecon.es\/es\/#organization","name":"Funecon.es","url":"https:\/\/funecon.es\/es\/","logo":{"@type":"ImageObject","inLanguage":"es","@id":"https:\/\/funecon.es\/es\/#\/schema\/logo\/image\/","url":"https:\/\/funecon.es\/wp-content\/uploads\/2026\/01\/FUNECON_A.svg","contentUrl":"https:\/\/funecon.es\/wp-content\/uploads\/2026\/01\/FUNECON_A.svg","width":1020,"height":454,"caption":"Funecon.es"},"image":{"@id":"https:\/\/funecon.es\/es\/#\/schema\/logo\/image\/"},"sameAs":["https:\/\/www.facebook.com\/profile.php?id=61582008467911","https:\/\/www.linkedin.com\/company\/funecon-es\/?viewAsMember=true","https:\/\/www.instagram.com\/funecon.es\/"]}]}},"_links":{"self":[{"href":"https:\/\/funecon.es\/es\/wp-json\/wp\/v2\/pages\/69","targetHints":{"allow":["GET"]}}],"collection":[{"href":"https:\/\/funecon.es\/es\/wp-json\/wp\/v2\/pages"}],"about":[{"href":"https:\/\/funecon.es\/es\/wp-json\/wp\/v2\/types\/page"}],"author":[{"embeddable":true,"href":"https:\/\/funecon.es\/es\/wp-json\/wp\/v2\/users\/1"}],"replies":[{"embeddable":true,"href":"https:\/\/funecon.es\/es\/wp-json\/wp\/v2\/comments?post=69"}],"version-history":[{"count":85,"href":"https:\/\/funecon.es\/es\/wp-json\/wp\/v2\/pages\/69\/revisions"}],"predecessor-version":[{"id":3595,"href":"https:\/\/funecon.es\/es\/wp-json\/wp\/v2\/pages\/69\/revisions\/3595"}],"wp:attachment":[{"href":"https:\/\/funecon.es\/es\/wp-json\/wp\/v2\/media?parent=69"}],"curies":[{"name":"wp","href":"https:\/\/api.w.org\/{rel}","templated":true}]}}