{"id":3,"date":"2025-07-16T13:01:32","date_gmt":"2025-07-16T13:01:32","guid":{"rendered":"http:\/\/localhost\/enmemoria\/?page_id=3"},"modified":"2025-09-09T12:33:58","modified_gmt":"2025-09-09T11:33:58","slug":"politica-de-privacidad","status":"publish","type":"page","link":"https:\/\/funecon.es\/es\/privacy-policy\/","title":{"rendered":"Pol\u00edtica de privacidad"},"content":{"rendered":"<div data-elementor-type=\"wp-page\" data-elementor-id=\"3\" class=\"elementor elementor-3\" data-elementor-post-type=\"page\">\n\t\t\t\t<div class=\"elementor-element elementor-element-43e016bf e-flex e-con-boxed e-con e-parent\" data-id=\"43e016bf\" data-element_type=\"container\" data-e-type=\"container\">\n\t\t\t\t\t<div class=\"e-con-inner\">\n\t\t\t\t<div class=\"elementor-element elementor-element-35cb96dc elementor-widget elementor-widget-text-editor\" data-id=\"35cb96dc\" data-element_type=\"widget\" data-e-type=\"widget\" data-widget_type=\"text-editor.default\">\n\t\t\t\t\t\t\t\t\t<h2 data-start=\"216\" data-end=\"235\"><strong data-start=\"219\" data-end=\"235\">Introducci\u00f3n<\/strong><\/h2><p data-start=\"236\" data-end=\"385\">La protecci\u00f3n del derecho a la intimidad y, en particular, el derecho a la protecci\u00f3n de los datos personales es uno de los principios fundamentales de la UE. <strong data-start=\"373\" data-end=\"384\">Funecon<\/strong>.<\/p><p data-start=\"387\" data-end=\"820\">La presente Pol\u00edtica de Privacidad tiene por objeto explicar, de conformidad con el Reglamento (UE) 2016\/679 General de Protecci\u00f3n de Datos (GDPR), la Ley Org\u00e1nica 3\/2018, de 5 de diciembre, de Protecci\u00f3n de Datos Personales y Garant\u00eda de los Derechos Digitales, y dem\u00e1s normativa aplicable (la \u201cNormativa de Protecci\u00f3n de Datos Personales\u201d), c\u00f3mo <strong data-start=\"708\" data-end=\"742\">MEMORARE 39, SOCIEDAD LIMITADA<\/strong> tratar\u00e1 los datos personales recogidos de sus clientes (tal como se definen a continuaci\u00f3n).<\/p><hr data-start=\"822\" data-end=\"825\" \/><h2 data-start=\"827\" data-end=\"887\"><strong data-start=\"830\" data-end=\"887\">\u00bfQui\u00e9n es responsable del tratamiento de sus datos personales?<\/strong><\/h2><p data-start=\"888\" data-end=\"911\">El responsable del tratamiento de datos es:<\/p><p data-start=\"913\" data-end=\"1133\"><strong data-start=\"913\" data-end=\"947\">MEMORARE 39, SOCIEDAD LIMITADA<\/strong><br data-start=\"947\" data-end=\"950\" \/>Comerciando como: <strong data-start=\"962\" data-end=\"976\">Funecon.es<\/strong><br data-start=\"976\" data-end=\"979\" \/>CIF: <strong data-start=\"984\" data-end=\"997\">B75833327<\/strong><br data-start=\"997\" data-end=\"1000\" \/>Direcci\u00f3n: <strong data-start=\"1009\" data-end=\"1100\">Calle Nino Bravo, Edificio Turaniana, Aguadulce, 04720 Roquetas de Mar (Almer\u00eda), Espa\u00f1a<\/strong><br data-start=\"1100\" data-end=\"1103\" \/>Tel\u00e9fono: <strong data-start=\"1114\" data-end=\"1133\">+34 640034791<\/strong><\/p><hr data-start=\"1135\" data-end=\"1138\" \/><h2 data-start=\"1140\" data-end=\"1182\"><strong data-start=\"1143\" data-end=\"1182\">\u00bfQui\u00e9n es el responsable de la protecci\u00f3n de datos?<\/strong><\/h2><p data-start=\"1183\" data-end=\"1443\">El Responsable de Protecci\u00f3n de Datos (RPD) es la persona designada para garantizar el cumplimiento de la normativa sobre protecci\u00f3n de datos. Puede ponerse en contacto con el RPD, especialmente si considera que no se han respetado sus derechos en materia de protecci\u00f3n de datos, a trav\u00e9s de la siguiente direcci\u00f3n postal o electr\u00f3nica:<\/p><p data-start=\"1445\" data-end=\"1582\"><strong data-start=\"1445\" data-end=\"1455\">Correo electr\u00f3nico:<\/strong> soporte<a class=\"cursor-pointer\" rel=\"noopener\" data-start=\"1456\" data-end=\"1472\">@funecon.es<\/a><br data-start=\"1472\" data-end=\"1475\" \/><strong data-start=\"1475\" data-end=\"1494\">Direcci\u00f3n postal:<\/strong> Calle Nino Bravo, Edificio Turaniana, Aguadulce, 04720 Roquetas de Mar (Almer\u00eda), Espa\u00f1a<\/p><hr data-start=\"1584\" data-end=\"1587\" \/><h2 data-start=\"1589\" data-end=\"1617\"><strong data-start=\"1592\" data-end=\"1617\">Autoridad de control<\/strong><\/h2><p data-start=\"1618\" data-end=\"2031\">La autoridad de control es la <strong data-start=\"1651\" data-end=\"1701\">Agencia Espa\u00f1ola de Protecci\u00f3n de Datos (AEPD)<\/strong>, situada en la calle Jorge Juan 6, 28001 Madrid, Espa\u00f1a. Se trata de la autoridad p\u00fablica independiente responsable de garantizar la privacidad y la protecci\u00f3n de los datos personales de los ciudadanos. Si considera que no se han respetado sus derechos en materia de protecci\u00f3n de datos, puede ponerse en contacto con ellos a trav\u00e9s de su sitio web: <a class=\"\" href=\"https:\/\/www.aepd.es\" target=\"_new\" rel=\"noopener\" data-start=\"1988\" data-end=\"2030\">https:\/\/www.aepd.es<\/a>.<\/p><hr data-start=\"2033\" data-end=\"2036\" \/><h2 data-start=\"2038\" data-end=\"2078\"><strong data-start=\"2041\" data-end=\"2078\">\u00bfQu\u00e9 datos personales tratamos?<\/strong><\/h2><p data-start=\"2079\" data-end=\"2353\">Tratamos todos los datos personales recopilados a trav\u00e9s de documentos, conversaciones telef\u00f3nicas grabadas o su uso de nuestro sitio web -antes, durante y despu\u00e9s de la ejecuci\u00f3n de un contrato o servicio- necesarios para evaluar, emitir, desarrollar y ejecutar nuestra relaci\u00f3n contractual.<\/p><p data-start=\"2355\" data-end=\"2643\">A efectos de esta pol\u00edtica, <strong data-start=\"2388\" data-end=\"2400\">\u201ccliente\u201d<\/strong> incluye a cualquier persona que solicite un producto, servicio o informaci\u00f3n; haga una declaraci\u00f3n; celebre un contrato; sea una persona fallecida; o sea un familiar o heredero legal que establezca una relaci\u00f3n contractual o de servicios con <strong data-start=\"2631\" data-end=\"2642\">Funecon<\/strong>.<\/p><p data-start=\"2645\" data-end=\"2860\">Cuando solicite un presupuesto, se crear\u00e1 un perfil\/cuenta de usuario para facilitarle la informaci\u00f3n solicitada. La recibir\u00e1 por correo electr\u00f3nico, junto con otro mensaje que le permitir\u00e1 eliminar su perfil\/cuenta de usuario.<\/p><p data-start=\"2862\" data-end=\"3030\">Si los datos personales son facilitados por una persona distinta del interesado, dicha persona deber\u00e1 informar previamente al interesado y, en su caso, obtener su consentimiento.<\/p><hr data-start=\"3032\" data-end=\"3035\" \/><h2 data-start=\"3037\" data-end=\"3081\"><strong data-start=\"3040\" data-end=\"3081\">Categor\u00edas de datos personales tratados<\/strong><\/h2><p data-start=\"3082\" data-end=\"3277\">Las categor\u00edas de datos personales generalmente tratadas incluyen los datos de identificaci\u00f3n del declarante y del fallecido, as\u00ed como cualquier otra informaci\u00f3n necesaria para la ejecuci\u00f3n del contrato.<\/p><p data-start=\"3279\" data-end=\"3406\">En el caso de los formularios de contacto, trataremos los datos necesarios para responder a su solicitud, tras facilitarle la presente Pol\u00edtica de Privacidad.<\/p><hr data-start=\"3408\" data-end=\"3411\" \/><h2 data-start=\"3413\" data-end=\"3456\"><strong data-start=\"3416\" data-end=\"3456\">Fines del tratamiento de datos personales<\/strong><\/h2><h3 data-start=\"3457\" data-end=\"3476\">1. Objetivo principal<\/h3><p data-start=\"3477\" data-end=\"3662\">Emitir, desarrollar y ejecutar el contrato o servicio celebrado con <strong data-start=\"3550\" data-end=\"3571\">MEMORARE 39, S.L.<\/strong>, ya sea directamente o a trav\u00e9s de socios, y cumplir con todas las obligaciones legales aplicables.<\/p><h3 data-start=\"3664\" data-end=\"3685\">2. 2. Otros fines<\/h3><p data-start=\"3686\" data-end=\"3823\">Realizar estudios estad\u00edsticos, de calidad y t\u00e9cnicos, incluidas encuestas de satisfacci\u00f3n, an\u00e1lisis de mercado y evaluaciones de la calidad del servicio.<\/p><p data-start=\"3825\" data-end=\"3943\">Gestionar las consultas, sugerencias, quejas y curr\u00edculos recibidos a trav\u00e9s de formularios de contacto, correo electr\u00f3nico, tel\u00e9fono o redes sociales.<\/p><h3 data-start=\"3945\" data-end=\"3972\">3. 3. Fines publicitarios<\/h3><p data-start=\"3973\" data-end=\"4164\">Con su consentimiento, enviarle comunicaciones comerciales -incluso por medios electr\u00f3nicos- sobre productos o servicios que puedan ser de su inter\u00e9s, ya sean ofrecidos por nosotros o por socios de confianza.<\/p><hr data-start=\"4166\" data-end=\"4169\" \/><h2 data-start=\"4171\" data-end=\"4204\"><strong data-start=\"4174\" data-end=\"4204\">Base jur\u00eddica del tratamiento<\/strong><\/h2><p data-start=\"4205\" data-end=\"4236\">El tratamiento se basa legalmente en:<\/p><ul data-start=\"4237\" data-end=\"4437\"><li data-start=\"4237\" data-end=\"4292\"><p data-start=\"4239\" data-end=\"4292\">Ejecuci\u00f3n de un contrato o medidas precontractuales<\/p><\/li><li data-start=\"4293\" data-end=\"4328\"><p data-start=\"4295\" data-end=\"4328\">Cumplimiento de las obligaciones legales<\/p><\/li><li data-start=\"4329\" data-end=\"4377\"><p data-start=\"4331\" data-end=\"4377\">Inter\u00e9s leg\u00edtimo, tras sopesar los intereses<\/p><\/li><li data-start=\"4378\" data-end=\"4437\"><p data-start=\"4380\" data-end=\"4437\">Su consentimiento (para marketing y otras actividades)<\/p><\/li><\/ul><hr data-start=\"4439\" data-end=\"4442\" \/><h2 data-start=\"4444\" data-end=\"4472\"><strong data-start=\"4447\" data-end=\"4472\">Per\u00edodo de conservaci\u00f3n de los datos<\/strong><\/h2><p data-start=\"4473\" data-end=\"4678\">Conservaremos sus datos personales mientras dure nuestra relaci\u00f3n contractual. Una vez finalizada, conservaremos sus datos durante el periodo exigido por la ley para hacer frente a posibles responsabilidades legales o contractuales.<\/p><hr data-start=\"4680\" data-end=\"4683\" \/><h2 data-start=\"4685\" data-end=\"4707\"><strong data-start=\"4688\" data-end=\"4707\">Destinatarios de los datos<\/strong><\/h2><p data-start=\"4708\" data-end=\"4746\">Sus datos personales pueden ser compartidos con<\/p><ul data-start=\"4747\" data-end=\"5010\"><li data-start=\"4747\" data-end=\"4909\"><p data-start=\"4749\" data-end=\"4909\">Proveedores de servicios y colaboradores implicados en la ejecuci\u00f3n del servicio contratado (por ejemplo, cementerios, canteros, prensa, abogados, auditores, proveedores inform\u00e1ticos).<\/p><\/li><li data-start=\"4910\" data-end=\"5010\"><p data-start=\"4912\" data-end=\"5010\">Autoridades y organismos p\u00fablicos, cuando sea legalmente necesario (por ejemplo, Agencia Tributaria, tribunales, fuerzas y cuerpos de seguridad).<\/p><\/li><\/ul><p data-start=\"5012\" data-end=\"5154\">Algunos proveedores pueden tratar sus datos fuera de la UE. En tales casos, nos aseguraremos de que existan las garant\u00edas adecuadas para proteger sus derechos.<\/p><hr data-start=\"5156\" data-end=\"5159\" \/><h2 data-start=\"5161\" data-end=\"5179\"><strong data-start=\"5164\" data-end=\"5179\">Sus derechos<\/strong><\/h2><p data-start=\"5180\" data-end=\"5230\">Puede ejercer los siguientes derechos en cualquier momento:<\/p><ol data-start=\"5231\" data-end=\"5702\"><li data-start=\"5231\" data-end=\"5292\"><p data-start=\"5234\" data-end=\"5292\"><strong data-start=\"5234\" data-end=\"5244\">Acceda a<\/strong> - Saber qu\u00e9 datos personales tenemos sobre usted.<\/p><\/li><li data-start=\"5293\" data-end=\"5357\"><p data-start=\"5296\" data-end=\"5357\"><strong data-start=\"5296\" data-end=\"5313\">Rectificaci\u00f3n<\/strong> - Para corregir datos inexactos o incompletos.<\/p><\/li><li data-start=\"5358\" data-end=\"5449\"><p data-start=\"5361\" data-end=\"5449\"><strong data-start=\"5361\" data-end=\"5372\">Borrador<\/strong> - Solicitar la supresi\u00f3n cuando los datos ya no sean necesarios o se retire el consentimiento.<\/p><\/li><li data-start=\"5450\" data-end=\"5550\"><p data-start=\"5453\" data-end=\"5550\"><strong data-start=\"5453\" data-end=\"5466\">Protesto<\/strong> - Oponerse al tratamiento en determinadas circunstancias, especialmente con fines de marketing.<\/p><\/li><li data-start=\"5551\" data-end=\"5618\"><p data-start=\"5554\" data-end=\"5618\"><strong data-start=\"5554\" data-end=\"5569\">Restricci\u00f3n<\/strong> - Limitar el tratamiento en determinadas condiciones.<\/p><\/li><li data-start=\"5619\" data-end=\"5702\"><p data-start=\"5622\" data-end=\"5702\"><strong data-start=\"5622\" data-end=\"5637\">Portabilidad<\/strong> - Recibir sus datos en un formato estructurado y legible por m\u00e1quina.<\/p><\/li><\/ol><p data-start=\"5704\" data-end=\"5764\">Las solicitudes deben dirigirse a nuestro RPD en la direcci\u00f3n de apoyo<a class=\"cursor-pointer\" rel=\"noopener\" data-start=\"5747\" data-end=\"5763\">@funecon.es<\/a>.<\/p><p data-start=\"5766\" data-end=\"5902\">Si cree que no se han respetado sus derechos, tambi\u00e9n puede presentar una denuncia ante la <strong data-start=\"5858\" data-end=\"5901\">Agencia Espa\u00f1ola de Protecci\u00f3n de Datos<\/strong>.<\/p><hr data-start=\"5904\" data-end=\"5907\" \/><h2 data-start=\"5909\" data-end=\"5944\"><strong data-start=\"5912\" data-end=\"5944\">Confidencialidad y seguridad<\/strong><\/h2><p data-start=\"5945\" data-end=\"6094\">Adoptamos medidas t\u00e9cnicas, organizativas y de seguridad para proteger sus datos personales contra la alteraci\u00f3n, p\u00e9rdida, tratamiento o acceso no autorizado.<\/p><hr data-start=\"6096\" data-end=\"6099\" \/><h2 data-start=\"6101\" data-end=\"6122\"><strong data-start=\"6104\" data-end=\"6122\">Actualizaciones pol\u00edticas<\/strong><\/h2><p data-start=\"6123\" data-end=\"6289\">Esta Pol\u00edtica de Privacidad reflejar\u00e1 siempre la versi\u00f3n actual. Nos reservamos el derecho a modificarla en caso necesario. Las versiones anteriores pueden solicitarse poni\u00e9ndose en contacto con nuestro RPD.<\/p><hr data-start=\"6291\" data-end=\"6294\" \/><p data-start=\"6296\" data-end=\"6431\">\u00a9 <strong data-start=\"6298\" data-end=\"6319\">MEMORARE 39, S.L.<\/strong> - Todos los derechos reservados. Queda prohibida la reproducci\u00f3n o distribuci\u00f3n total o parcial de este documento sin autorizaci\u00f3n escrita.<\/p>\t\t\t\t\t\t\t\t<\/div>\n\t\t\t\t\t<\/div>\n\t\t\t\t<\/div>\n\t\t\t\t<\/div>","protected":false},"excerpt":{"rendered":"<p>Introduction Protecting the right to privacy and, in particular, the right to the protection of personal data is one of the fundamental principles of Funecon. The purpose of this Privacy Policy is to explain, in accordance with Regulation (EU) 2016\/679 General Data Protection Regulation (GDPR), Organic Law 3\/2018 of December 5 on the Protection of [&hellip;]<\/p>\n","protected":false},"author":1,"featured_media":0,"parent":0,"menu_order":0,"comment_status":"closed","ping_status":"open","template":"","meta":{"_acf_changed":false,"footnotes":""},"class_list":["post-3","page","type-page","status-publish","hentry"],"blocksy_meta":[],"acf":[],"yoast_head":"<!-- This site is optimized with the Yoast SEO plugin v27.6 - https:\/\/yoast.com\/product\/yoast-seo-wordpress\/ -->\n<title>Privacy Policy - Funecon<\/title>\n<meta name=\"robots\" content=\"index, follow, max-snippet:-1, max-image-preview:large, max-video-preview:-1\" \/>\n<link rel=\"canonical\" href=\"https:\/\/funecon.es\/es\/politica-de-privacidad\/\" \/>\n<meta property=\"og:locale\" content=\"es_ES\" \/>\n<meta property=\"og:type\" content=\"article\" \/>\n<meta property=\"og:title\" content=\"Privacy Policy - Funecon\" \/>\n<meta property=\"og:description\" content=\"Introduction Protecting the right to privacy and, in particular, the right to the protection of personal data is one of the fundamental principles of Funecon. The purpose of this Privacy Policy is to explain, in accordance with Regulation (EU) 2016\/679 General Data Protection Regulation (GDPR), Organic Law 3\/2018 of December 5 on the Protection of [&hellip;]\" \/>\n<meta property=\"og:url\" content=\"https:\/\/funecon.es\/es\/politica-de-privacidad\/\" \/>\n<meta property=\"og:site_name\" content=\"Funecon\" \/>\n<meta property=\"article:publisher\" content=\"https:\/\/www.facebook.com\/profile.php?id=61582008467911\" \/>\n<meta property=\"article:modified_time\" content=\"2025-09-09T11:33:58+00:00\" \/>\n<meta name=\"twitter:card\" content=\"summary_large_image\" \/>\n<meta name=\"twitter:label1\" content=\"Tiempo de lectura\" \/>\n\t<meta name=\"twitter:data1\" content=\"4 minutos\" \/>\n<script type=\"application\/ld+json\" class=\"yoast-schema-graph\">{\"@context\":\"https:\\\/\\\/schema.org\",\"@graph\":[{\"@type\":\"WebPage\",\"@id\":\"https:\\\/\\\/funecon.es\\\/es\\\/privacy-policy\\\/\",\"url\":\"https:\\\/\\\/funecon.es\\\/es\\\/privacy-policy\\\/\",\"name\":\"Privacy Policy - Funecon\",\"isPartOf\":{\"@id\":\"https:\\\/\\\/funecon.es\\\/es\\\/#website\"},\"datePublished\":\"2025-07-16T13:01:32+00:00\",\"dateModified\":\"2025-09-09T11:33:58+00:00\",\"breadcrumb\":{\"@id\":\"https:\\\/\\\/funecon.es\\\/es\\\/privacy-policy\\\/#breadcrumb\"},\"inLanguage\":\"es\",\"potentialAction\":[{\"@type\":\"ReadAction\",\"target\":[\"https:\\\/\\\/funecon.es\\\/es\\\/privacy-policy\\\/\"]}]},{\"@type\":\"BreadcrumbList\",\"@id\":\"https:\\\/\\\/funecon.es\\\/es\\\/privacy-policy\\\/#breadcrumb\",\"itemListElement\":[{\"@type\":\"ListItem\",\"position\":1,\"name\":\"Home\",\"item\":\"https:\\\/\\\/funecon.es\\\/es\\\/\"},{\"@type\":\"ListItem\",\"position\":2,\"name\":\"Privacy Policy\"}]},{\"@type\":\"WebSite\",\"@id\":\"https:\\\/\\\/funecon.es\\\/es\\\/#website\",\"url\":\"https:\\\/\\\/funecon.es\\\/es\\\/\",\"name\":\"Funecon.es\",\"description\":\"Clear, compassionate funeral support for expats in Spain.\",\"publisher\":{\"@id\":\"https:\\\/\\\/funecon.es\\\/es\\\/#organization\"},\"potentialAction\":[{\"@type\":\"SearchAction\",\"target\":{\"@type\":\"EntryPoint\",\"urlTemplate\":\"https:\\\/\\\/funecon.es\\\/es\\\/?s={search_term_string}\"},\"query-input\":{\"@type\":\"PropertyValueSpecification\",\"valueRequired\":true,\"valueName\":\"search_term_string\"}}],\"inLanguage\":\"es\"},{\"@type\":\"Organization\",\"@id\":\"https:\\\/\\\/funecon.es\\\/es\\\/#organization\",\"name\":\"Funecon.es\",\"url\":\"https:\\\/\\\/funecon.es\\\/es\\\/\",\"logo\":{\"@type\":\"ImageObject\",\"inLanguage\":\"es\",\"@id\":\"https:\\\/\\\/funecon.es\\\/es\\\/#\\\/schema\\\/logo\\\/image\\\/\",\"url\":\"https:\\\/\\\/funecon.es\\\/wp-content\\\/uploads\\\/2026\\\/01\\\/FUNECON_A.svg\",\"contentUrl\":\"https:\\\/\\\/funecon.es\\\/wp-content\\\/uploads\\\/2026\\\/01\\\/FUNECON_A.svg\",\"width\":1020,\"height\":454,\"caption\":\"Funecon.es\"},\"image\":{\"@id\":\"https:\\\/\\\/funecon.es\\\/es\\\/#\\\/schema\\\/logo\\\/image\\\/\"},\"sameAs\":[\"https:\\\/\\\/www.facebook.com\\\/profile.php?id=61582008467911\",\"https:\\\/\\\/www.linkedin.com\\\/company\\\/funecon-es\\\/?viewAsMember=true\",\"https:\\\/\\\/www.instagram.com\\\/funecon.es\\\/\"]}]}<\/script>\n<!-- \/ Yoast SEO plugin. -->","yoast_head_json":{"title":"Pol\u00edtica de privacidad - Funecon","robots":{"index":"index","follow":"follow","max-snippet":"max-snippet:-1","max-image-preview":"max-image-preview:large","max-video-preview":"max-video-preview:-1"},"canonical":"https:\/\/funecon.es\/es\/politica-de-privacidad\/","og_locale":"es_ES","og_type":"article","og_title":"Privacy Policy - Funecon","og_description":"Introduction Protecting the right to privacy and, in particular, the right to the protection of personal data is one of the fundamental principles of Funecon. The purpose of this Privacy Policy is to explain, in accordance with Regulation (EU) 2016\/679 General Data Protection Regulation (GDPR), Organic Law 3\/2018 of December 5 on the Protection of [&hellip;]","og_url":"https:\/\/funecon.es\/es\/politica-de-privacidad\/","og_site_name":"Funecon","article_publisher":"https:\/\/www.facebook.com\/profile.php?id=61582008467911","article_modified_time":"2025-09-09T11:33:58+00:00","twitter_card":"summary_large_image","twitter_misc":{"Tiempo de lectura":"4 minutos"},"schema":{"@context":"https:\/\/schema.org","@graph":[{"@type":"WebPage","@id":"https:\/\/funecon.es\/es\/privacy-policy\/","url":"https:\/\/funecon.es\/es\/privacy-policy\/","name":"Pol\u00edtica de privacidad - Funecon","isPartOf":{"@id":"https:\/\/funecon.es\/es\/#website"},"datePublished":"2025-07-16T13:01:32+00:00","dateModified":"2025-09-09T11:33:58+00:00","breadcrumb":{"@id":"https:\/\/funecon.es\/es\/privacy-policy\/#breadcrumb"},"inLanguage":"es","potentialAction":[{"@type":"ReadAction","target":["https:\/\/funecon.es\/es\/privacy-policy\/"]}]},{"@type":"BreadcrumbList","@id":"https:\/\/funecon.es\/es\/privacy-policy\/#breadcrumb","itemListElement":[{"@type":"ListItem","position":1,"name":"Home","item":"https:\/\/funecon.es\/es\/"},{"@type":"ListItem","position":2,"name":"Privacy Policy"}]},{"@type":"WebSite","@id":"https:\/\/funecon.es\/es\/#website","url":"https:\/\/funecon.es\/es\/","name":"Funecon.es","description":"Apoyo funerario claro y compasivo para expatriados en Espa\u00f1a.","publisher":{"@id":"https:\/\/funecon.es\/es\/#organization"},"potentialAction":[{"@type":"SearchAction","target":{"@type":"EntryPoint","urlTemplate":"https:\/\/funecon.es\/es\/?s={search_term_string}"},"query-input":{"@type":"PropertyValueSpecification","valueRequired":true,"valueName":"search_term_string"}}],"inLanguage":"es"},{"@type":"Organization","@id":"https:\/\/funecon.es\/es\/#organization","name":"Funecon.es","url":"https:\/\/funecon.es\/es\/","logo":{"@type":"ImageObject","inLanguage":"es","@id":"https:\/\/funecon.es\/es\/#\/schema\/logo\/image\/","url":"https:\/\/funecon.es\/wp-content\/uploads\/2026\/01\/FUNECON_A.svg","contentUrl":"https:\/\/funecon.es\/wp-content\/uploads\/2026\/01\/FUNECON_A.svg","width":1020,"height":454,"caption":"Funecon.es"},"image":{"@id":"https:\/\/funecon.es\/es\/#\/schema\/logo\/image\/"},"sameAs":["https:\/\/www.facebook.com\/profile.php?id=61582008467911","https:\/\/www.linkedin.com\/company\/funecon-es\/?viewAsMember=true","https:\/\/www.instagram.com\/funecon.es\/"]}]}},"_links":{"self":[{"href":"https:\/\/funecon.es\/es\/wp-json\/wp\/v2\/pages\/3","targetHints":{"allow":["GET"]}}],"collection":[{"href":"https:\/\/funecon.es\/es\/wp-json\/wp\/v2\/pages"}],"about":[{"href":"https:\/\/funecon.es\/es\/wp-json\/wp\/v2\/types\/page"}],"author":[{"embeddable":true,"href":"https:\/\/funecon.es\/es\/wp-json\/wp\/v2\/users\/1"}],"replies":[{"embeddable":true,"href":"https:\/\/funecon.es\/es\/wp-json\/wp\/v2\/comments?post=3"}],"version-history":[{"count":6,"href":"https:\/\/funecon.es\/es\/wp-json\/wp\/v2\/pages\/3\/revisions"}],"predecessor-version":[{"id":1910,"href":"https:\/\/funecon.es\/es\/wp-json\/wp\/v2\/pages\/3\/revisions\/1910"}],"wp:attachment":[{"href":"https:\/\/funecon.es\/es\/wp-json\/wp\/v2\/media?parent=3"}],"curies":[{"name":"wp","href":"https:\/\/api.w.org\/{rel}","templated":true}]}}